{"id":4780,"date":"2024-09-12T13:17:11","date_gmt":"2024-09-12T13:17:11","guid":{"rendered":"https:\/\/kkbcvietnam.com\/privacy-policy\/"},"modified":"2025-03-12T10:26:02","modified_gmt":"2025-03-12T10:26:02","slug":"privacy-policy","status":"publish","type":"page","link":"http:\/\/54.255.1.206\/vi-vn\/privacy-policy\/","title":{"rendered":"Ch\u00ednh s\u00e1ch b\u1ea3o m\u1eadt"},"content":{"rendered":"<p>Gi\u1edbi thi\u1ec7u<\/p>\n<p>Ch\u00ednh s\u00e1ch b\u1ea3o m\u1eadt n\u00e0y gi\u1ea3i th\u00edch v\u1ec1 vi\u1ec7c thu th\u1eadp, s\u1eed d\u1ee5ng, chia s\u1ebb v\u00e0 b\u1ea3o v\u1ec7 Th\u00f4ng tin c\u00e1 nh\u00e2n c\u1ee7a KKBC. Khi \u0111\u1ec1 c\u1eadp \u0111\u1ebfn &#8220;ch\u00fang t\u00f4i&#8221;, &#8220;c\u1ee7a ch\u00fang t\u00f4i&#8221; trong th\u00f4ng b\u00e1o n\u00e0y, ch\u00fang t\u00f4i mu\u1ed1n n\u00f3i \u0111\u1ebfn KKBC.<\/p>\n<p>Trong Ch\u00ednh s\u00e1ch b\u1ea3o m\u1eadt n\u00e0y, &#8220;Th\u00f4ng tin c\u00e1 nh\u00e2n&#8221; \u0111\u1ec1 c\u1eadp \u0111\u1ebfn d\u1eef li\u1ec7u nh\u1eadn d\u1ea1ng, li\u00ean quan \u0111\u1ebfn, m\u00f4 t\u1ea3 ho\u1eb7c c\u00f3 th\u1ec3 li\u00ean k\u1ebft v\u1edbi m\u1ed9t c\u00e1 nh\u00e2n c\u1ee5 th\u1ec3.<\/p>\n<p>Ch\u00fang t\u00f4i c\u00f3 th\u1ec3 s\u1eed d\u1ee5ng c\u00e1c thu\u1eadt ng\u1eef nh\u01b0 x\u1eed l\u00fd, thu th\u1eadp, b\u1ea3o v\u1ec7 v\u00e0 l\u01b0u tr\u1eef Th\u00f4ng tin c\u00e1 nh\u00e2n c\u1ee7a b\u1ea1n m\u1ed9t c\u00e1ch t\u1ed5ng th\u1ec3 l\u00e0 &#8220;x\u1eed l\u00fd&#8221; d\u1eef li\u1ec7u \u0111\u00f3.<\/p>\n<p>Thu\u1eadt ng\u1eef &#8220;M\u1ea1ng l\u01b0\u1edbi KKBC&#8221; bao g\u1ed3m KKBC v\u00e0 c\u00e1c th\u1ef1c th\u1ec3 li\u00ean k\u1ebft c\u1ee7a n\u00f3. KKBC v\u00e0 c\u00e1c chi nh\u00e1nh c\u1ee7a n\u00f3 ho\u1ea1t \u0111\u1ed9ng \u0111\u1ed9c l\u1eadp. Vui l\u00f2ng tham kh\u1ea3o trang <a href=\"http:\/\/54.255.1.206\/vi-vn\/about\/\">Gi\u1edbi thi\u1ec7u v\u1ec1 c\u00f4ng ty<\/a>\u00a0c\u1ee7a ch\u00fang t\u00f4i \u0111\u1ec3 bi\u1ebft th\u00eam th\u00f4ng tin v\u1ec1 c\u01a1 c\u1ea5u t\u1ed5 ch\u1ee9c c\u1ee7a ch\u00fang t\u00f4i.<\/p>\n<p>\u0110\u1ed1i v\u1edbi b\u1ea5t k\u1ef3 th\u1eafc m\u1eafc ho\u1eb7c th\u00f4ng tin b\u1ed5 sung n\u00e0o li\u00ean quan \u0111\u1ebfn Th\u00f4ng b\u00e1o b\u1ea3o m\u1eadt n\u00e0y, vui l\u00f2ng li\u00ean h\u1ec7 v\u1edbi <a href=\"mailto:kkbc-ga-legal-data-privacy-officer@kkbc.co\">C\u00e1n b\u1ed9 b\u1ea3o m\u1eadt d\u1eef li\u1ec7u c\u1ee7a KKBC<\/a>.<\/p>\n","protected":false},"excerpt":{"rendered":"<p>Gi\u1edbi thi\u1ec7u Ch\u00ednh s\u00e1ch b\u1ea3o m\u1eadt n\u00e0y gi\u1ea3i th\u00edch v\u1ec1 vi\u1ec7c thu th\u1eadp, s\u1eed d\u1ee5ng, chia s\u1ebb v\u00e0 b\u1ea3o v\u1ec7 Th\u00f4ng tin c\u00e1 nh\u00e2n c\u1ee7a KKBC. Khi \u0111\u1ec1 c\u1eadp \u0111\u1ebfn &#8220;ch\u00fang t\u00f4i&#8221;, &#8220;c\u1ee7a ch\u00fang t\u00f4i&#8221; trong th\u00f4ng b\u00e1o n\u00e0y, ch\u00fang &hellip; <a href=\"http:\/\/54.255.1.206\/vi-vn\/privacy-policy\/\">Continue reading <span class=\"meta-nav\">&rarr;<\/span><\/a><\/p>\n","protected":false},"author":1,"featured_media":0,"parent":0,"menu_order":8,"comment_status":"closed","ping_status":"closed","template":"template\/privacy.php","meta":{"_acf_changed":false,"footnotes":""},"class_list":["post-4780","page","type-page","status-publish","hentry"],"acf":[],"yoast_head":"<!-- This site is optimized with the Yoast SEO plugin v26.8 - https:\/\/yoast.com\/product\/yoast-seo-wordpress\/ -->\n<title>Ch\u00ednh s\u00e1ch v\u00e0 quy\u1ec1n v\u1ec1 d\u1eef li\u1ec7u v\u00e0 quy\u1ec1n ri\u00eang t\u01b0 c\u1ee7a KKBC<\/title>\n<meta name=\"description\" content=\"T\u00ecm hi\u1ec3u c\u00e1ch KKBC b\u1ea3o v\u1ec7 d\u1eef li\u1ec7u c\u00e1 nh\u00e2n v\u00e0 quy\u1ec1n ri\u00eang t\u01b0 c\u1ee7a b\u1ea1n v\u1edbi c\u00e1c ph\u01b0\u01a1ng ph\u00e1p, l\u1ef1a ch\u1ecdn v\u00e0 cam k\u1ebft b\u1ea3o m\u1eadt ch\u1eb7t ch\u1ebd.\" \/>\n<meta name=\"robots\" content=\"index, follow, max-snippet:-1, max-image-preview:large, max-video-preview:-1\" \/>\n<link rel=\"canonical\" href=\"http:\/\/54.255.1.206\/vi-vn\/privacy-policy\/\" \/>\n<meta property=\"og:locale\" content=\"en_US\" \/>\n<meta property=\"og:type\" content=\"article\" \/>\n<meta property=\"og:title\" content=\"Ch\u00ednh s\u00e1ch v\u00e0 quy\u1ec1n v\u1ec1 d\u1eef li\u1ec7u v\u00e0 quy\u1ec1n ri\u00eang t\u01b0 c\u1ee7a KKBC\" \/>\n<meta property=\"og:description\" content=\"T\u00ecm hi\u1ec3u c\u00e1ch KKBC b\u1ea3o v\u1ec7 d\u1eef li\u1ec7u c\u00e1 nh\u00e2n v\u00e0 quy\u1ec1n ri\u00eang t\u01b0 c\u1ee7a b\u1ea1n v\u1edbi c\u00e1c ph\u01b0\u01a1ng ph\u00e1p, l\u1ef1a ch\u1ecdn v\u00e0 cam k\u1ebft b\u1ea3o m\u1eadt ch\u1eb7t ch\u1ebd.\" \/>\n<meta property=\"og:url\" content=\"http:\/\/54.255.1.206\/vi-vn\/privacy-policy\/\" \/>\n<meta property=\"og:site_name\" content=\"KKBC Vi\u1ec7t Nam\" \/>\n<meta property=\"article:publisher\" content=\"https:\/\/www.facebook.com\/kkbc.co\" \/>\n<meta property=\"article:modified_time\" content=\"2025-03-12T10:26:02+00:00\" \/>\n<meta name=\"twitter:card\" content=\"summary_large_image\" \/>\n<meta name=\"twitter:site\" content=\"@kkbc_co\" \/>\n<meta name=\"twitter:label1\" content=\"Est. reading time\" \/>\n\t<meta name=\"twitter:data1\" content=\"2 minutes\" \/>\n<script type=\"application\/ld+json\" class=\"yoast-schema-graph\">{\"@context\":\"https:\/\/schema.org\",\"@graph\":[{\"@type\":\"WebPage\",\"@id\":\"http:\/\/54.255.1.206\/vi-vn\/privacy-policy\/\",\"url\":\"http:\/\/54.255.1.206\/vi-vn\/privacy-policy\/\",\"name\":\"Ch\u00ednh s\u00e1ch v\u00e0 quy\u1ec1n v\u1ec1 d\u1eef li\u1ec7u v\u00e0 quy\u1ec1n ri\u00eang t\u01b0 c\u1ee7a KKBC\",\"isPartOf\":{\"@id\":\"http:\/\/54.255.1.206:80\/vi-vn\/#website\"},\"datePublished\":\"2024-09-12T13:17:11+00:00\",\"dateModified\":\"2025-03-12T10:26:02+00:00\",\"description\":\"T\u00ecm hi\u1ec3u c\u00e1ch KKBC b\u1ea3o v\u1ec7 d\u1eef li\u1ec7u c\u00e1 nh\u00e2n v\u00e0 quy\u1ec1n ri\u00eang t\u01b0 c\u1ee7a b\u1ea1n v\u1edbi c\u00e1c ph\u01b0\u01a1ng ph\u00e1p, l\u1ef1a ch\u1ecdn v\u00e0 cam k\u1ebft b\u1ea3o m\u1eadt ch\u1eb7t ch\u1ebd.\",\"breadcrumb\":{\"@id\":\"http:\/\/54.255.1.206\/vi-vn\/privacy-policy\/#breadcrumb\"},\"inLanguage\":\"vi-VN2\",\"potentialAction\":[{\"@type\":\"ReadAction\",\"target\":[\"http:\/\/54.255.1.206\/vi-vn\/privacy-policy\/\"]}]},{\"@type\":\"BreadcrumbList\",\"@id\":\"http:\/\/54.255.1.206\/vi-vn\/privacy-policy\/#breadcrumb\",\"itemListElement\":[{\"@type\":\"ListItem\",\"position\":1,\"name\":\"Home\",\"item\":\"http:\/\/54.255.1.206:80\/vi-vn\/\"},{\"@type\":\"ListItem\",\"position\":2,\"name\":\"Ch\u00ednh s\u00e1ch b\u1ea3o m\u1eadt\"}]},{\"@type\":\"WebSite\",\"@id\":\"http:\/\/54.255.1.206:80\/vi-vn\/#website\",\"url\":\"http:\/\/54.255.1.206:80\/vi-vn\/\",\"name\":\"KKBC\",\"description\":\"\",\"potentialAction\":[{\"@type\":\"SearchAction\",\"target\":{\"@type\":\"EntryPoint\",\"urlTemplate\":\"http:\/\/54.255.1.206:80\/vi-vn\/?s={search_term_string}\"},\"query-input\":{\"@type\":\"PropertyValueSpecification\",\"valueRequired\":true,\"valueName\":\"search_term_string\"}}],\"inLanguage\":\"vi-VN2\"}]}<\/script>\n<!-- \/ Yoast SEO plugin. -->","yoast_head_json":{"title":"Ch\u00ednh s\u00e1ch v\u00e0 quy\u1ec1n v\u1ec1 d\u1eef li\u1ec7u v\u00e0 quy\u1ec1n ri\u00eang t\u01b0 c\u1ee7a KKBC","description":"T\u00ecm hi\u1ec3u c\u00e1ch KKBC b\u1ea3o v\u1ec7 d\u1eef li\u1ec7u c\u00e1 nh\u00e2n v\u00e0 quy\u1ec1n ri\u00eang t\u01b0 c\u1ee7a b\u1ea1n v\u1edbi c\u00e1c ph\u01b0\u01a1ng ph\u00e1p, l\u1ef1a ch\u1ecdn v\u00e0 cam k\u1ebft b\u1ea3o m\u1eadt ch\u1eb7t ch\u1ebd.","robots":{"index":"index","follow":"follow","max-snippet":"max-snippet:-1","max-image-preview":"max-image-preview:large","max-video-preview":"max-video-preview:-1"},"canonical":"http:\/\/54.255.1.206\/vi-vn\/privacy-policy\/","og_locale":"en_US","og_type":"article","og_title":"Ch\u00ednh s\u00e1ch v\u00e0 quy\u1ec1n v\u1ec1 d\u1eef li\u1ec7u v\u00e0 quy\u1ec1n ri\u00eang t\u01b0 c\u1ee7a KKBC","og_description":"T\u00ecm hi\u1ec3u c\u00e1ch KKBC b\u1ea3o v\u1ec7 d\u1eef li\u1ec7u c\u00e1 nh\u00e2n v\u00e0 quy\u1ec1n ri\u00eang t\u01b0 c\u1ee7a b\u1ea1n v\u1edbi c\u00e1c ph\u01b0\u01a1ng ph\u00e1p, l\u1ef1a ch\u1ecdn v\u00e0 cam k\u1ebft b\u1ea3o m\u1eadt ch\u1eb7t ch\u1ebd.","og_url":"http:\/\/54.255.1.206\/vi-vn\/privacy-policy\/","og_site_name":"KKBC Vi\u1ec7t Nam","article_publisher":"https:\/\/www.facebook.com\/kkbc.co","article_modified_time":"2025-03-12T10:26:02+00:00","twitter_card":"summary_large_image","twitter_site":"@kkbc_co","twitter_misc":{"Est. reading time":"2 minutes"},"schema":{"@context":"https:\/\/schema.org","@graph":[{"@type":"WebPage","@id":"http:\/\/54.255.1.206\/vi-vn\/privacy-policy\/","url":"http:\/\/54.255.1.206\/vi-vn\/privacy-policy\/","name":"Ch\u00ednh s\u00e1ch v\u00e0 quy\u1ec1n v\u1ec1 d\u1eef li\u1ec7u v\u00e0 quy\u1ec1n ri\u00eang t\u01b0 c\u1ee7a KKBC","isPartOf":{"@id":"http:\/\/54.255.1.206:80\/vi-vn\/#website"},"datePublished":"2024-09-12T13:17:11+00:00","dateModified":"2025-03-12T10:26:02+00:00","description":"T\u00ecm hi\u1ec3u c\u00e1ch KKBC b\u1ea3o v\u1ec7 d\u1eef li\u1ec7u c\u00e1 nh\u00e2n v\u00e0 quy\u1ec1n ri\u00eang t\u01b0 c\u1ee7a b\u1ea1n v\u1edbi c\u00e1c ph\u01b0\u01a1ng ph\u00e1p, l\u1ef1a ch\u1ecdn v\u00e0 cam k\u1ebft b\u1ea3o m\u1eadt ch\u1eb7t ch\u1ebd.","breadcrumb":{"@id":"http:\/\/54.255.1.206\/vi-vn\/privacy-policy\/#breadcrumb"},"inLanguage":"vi-VN2","potentialAction":[{"@type":"ReadAction","target":["http:\/\/54.255.1.206\/vi-vn\/privacy-policy\/"]}]},{"@type":"BreadcrumbList","@id":"http:\/\/54.255.1.206\/vi-vn\/privacy-policy\/#breadcrumb","itemListElement":[{"@type":"ListItem","position":1,"name":"Home","item":"http:\/\/54.255.1.206:80\/vi-vn\/"},{"@type":"ListItem","position":2,"name":"Ch\u00ednh s\u00e1ch b\u1ea3o m\u1eadt"}]},{"@type":"WebSite","@id":"http:\/\/54.255.1.206:80\/vi-vn\/#website","url":"http:\/\/54.255.1.206:80\/vi-vn\/","name":"KKBC","description":"","potentialAction":[{"@type":"SearchAction","target":{"@type":"EntryPoint","urlTemplate":"http:\/\/54.255.1.206:80\/vi-vn\/?s={search_term_string}"},"query-input":{"@type":"PropertyValueSpecification","valueRequired":true,"valueName":"search_term_string"}}],"inLanguage":"vi-VN2"}]}},"_links":{"self":[{"href":"http:\/\/54.255.1.206\/vi-vn\/wp-json\/wp\/v2\/pages\/4780","targetHints":{"allow":["GET"]}}],"collection":[{"href":"http:\/\/54.255.1.206\/vi-vn\/wp-json\/wp\/v2\/pages"}],"about":[{"href":"http:\/\/54.255.1.206\/vi-vn\/wp-json\/wp\/v2\/types\/page"}],"author":[{"embeddable":true,"href":"http:\/\/54.255.1.206\/vi-vn\/wp-json\/wp\/v2\/users\/1"}],"replies":[{"embeddable":true,"href":"http:\/\/54.255.1.206\/vi-vn\/wp-json\/wp\/v2\/comments?post=4780"}],"version-history":[{"count":5,"href":"http:\/\/54.255.1.206\/vi-vn\/wp-json\/wp\/v2\/pages\/4780\/revisions"}],"predecessor-version":[{"id":6687,"href":"http:\/\/54.255.1.206\/vi-vn\/wp-json\/wp\/v2\/pages\/4780\/revisions\/6687"}],"wp:attachment":[{"href":"http:\/\/54.255.1.206\/vi-vn\/wp-json\/wp\/v2\/media?parent=4780"}],"curies":[{"name":"wp","href":"https:\/\/api.w.org\/{rel}","templated":true}]}}