{"id":4847,"date":"2024-10-09T05:57:07","date_gmt":"2024-10-09T05:57:07","guid":{"rendered":"https:\/\/kkbcvietnam.com\/expertise\/social-media-management\/"},"modified":"2025-05-13T07:45:32","modified_gmt":"2025-05-13T07:45:32","slug":"social-media-management","status":"publish","type":"page","link":"http:\/\/54.255.1.206\/vi-vn\/expertise\/social-media-management\/","title":{"rendered":"Qu\u1ea3n l\u00fd ph\u01b0\u01a1ng ti\u1ec7n truy\u1ec1n th\u00f4ng x\u00e3 h\u1ed9i"},"content":{"rendered":"<h2>B\u1ed1i c\u1ea3nh truy\u1ec1n th\u00f4ng x\u00e3 h\u1ed9i m\u1eb7c d\u00f9 r\u1ea5t c\u1ea7n thi\u1ebft \u0111\u1ec3 \u0111i\u1ec1u h\u01b0\u1edbng cho c\u00e1c doanh nghi\u1ec7p B2B nh\u01b0ng \u0111\u00e3 tr\u1edf n\u00ean qu\u00e1 t\u1ea3i d\u1eabn \u0111\u1ebfn s\u1ef1 t\u01b0\u01a1ng t\u00e1c kh\u00f4ng nh\u1ea5t qu\u00e1n v\u00e0 b\u1ecf l\u1ee1 c\u00e1c c\u01a1 h\u1ed9i.<\/h2>\n<p>C\u00e1c d\u1ecbch v\u1ee5 qu\u1ea3n l\u00fd truy\u1ec1n th\u00f4ng x\u00e3 h\u1ed9i h\u1eefu c\u01a1 chuy\u00ean nghi\u1ec7p c\u1ee7a KKBC cung c\u1ea5p cho th\u01b0\u01a1ng hi\u1ec7u c\u1ee7a b\u1ea1n kh\u1ea3 n\u0103ng v\u01b0\u1ee3t qua nh\u1eefng t\u00ecnh hu\u1ed1ng n\u00e0y v\u00e0 gi\u00fap th\u00fac \u0111\u1ea9y c\u00e1c t\u01b0\u01a1ng t\u00e1c c\u00f3 \u00fd ngh\u0129a v\u00e0 t\u0103ng tr\u01b0\u1edfng b\u1ec1n v\u1eefng.<\/p>\n","protected":false},"excerpt":{"rendered":"<p>B\u1ed1i c\u1ea3nh truy\u1ec1n th\u00f4ng x\u00e3 h\u1ed9i m\u1eb7c d\u00f9 r\u1ea5t c\u1ea7n thi\u1ebft \u0111\u1ec3 \u0111i\u1ec1u h\u01b0\u1edbng cho c\u00e1c doanh nghi\u1ec7p B2B nh\u01b0ng \u0111\u00e3 tr\u1edf n\u00ean qu\u00e1 t\u1ea3i d\u1eabn \u0111\u1ebfn s\u1ef1 t\u01b0\u01a1ng t\u00e1c kh\u00f4ng nh\u1ea5t qu\u00e1n v\u00e0 b\u1ecf l\u1ee1 c\u00e1c c\u01a1 h\u1ed9i. C\u00e1c &hellip; <a href=\"http:\/\/54.255.1.206\/vi-vn\/expertise\/social-media-management\/\">Continue reading <span class=\"meta-nav\">&rarr;<\/span><\/a><\/p>\n","protected":false},"author":1,"featured_media":0,"parent":4813,"menu_order":25,"comment_status":"closed","ping_status":"closed","template":"template\/Seo.php","meta":{"_acf_changed":false,"footnotes":""},"class_list":["post-4847","page","type-page","status-publish","hentry"],"acf":[],"yoast_head":"<!-- This site is optimized with the Yoast SEO plugin v26.8 - https:\/\/yoast.com\/product\/yoast-seo-wordpress\/ -->\n<title>Qu\u1ea3n l\u00fd M\u1ea1ng x\u00e3 h\u1ed9i T\u1ef1 nhi\u00ean To\u00e0n di\u1ec7n | KKBC<\/title>\n<meta name=\"description\" content=\"KKBC cung c\u1ea5p qu\u1ea3n l\u00fd m\u1ea1ng x\u00e3 h\u1ed9i t\u1ef1 nhi\u00ean chuy\u00ean nghi\u1ec7p, gi\u00fap th\u01b0\u01a1ng hi\u1ec7u B2B x\u00e2y d\u1ef1ng k\u1ebft n\u1ed1i ch\u00e2n th\u1ef1c v\u00e0 th\u00fac \u0111\u1ea9y t\u0103ng tr\u01b0\u1edfng.\" \/>\n<meta name=\"robots\" content=\"index, follow, max-snippet:-1, max-image-preview:large, max-video-preview:-1\" \/>\n<link rel=\"canonical\" href=\"http:\/\/54.255.1.206\/vi-vn\/expertise\/social-media-management\/\" \/>\n<meta property=\"og:locale\" content=\"en_US\" \/>\n<meta property=\"og:type\" content=\"article\" \/>\n<meta property=\"og:title\" content=\"Qu\u1ea3n l\u00fd M\u1ea1ng x\u00e3 h\u1ed9i T\u1ef1 nhi\u00ean To\u00e0n di\u1ec7n | KKBC\" \/>\n<meta property=\"og:description\" content=\"KKBC cung c\u1ea5p qu\u1ea3n l\u00fd m\u1ea1ng x\u00e3 h\u1ed9i t\u1ef1 nhi\u00ean chuy\u00ean nghi\u1ec7p, gi\u00fap th\u01b0\u01a1ng hi\u1ec7u B2B x\u00e2y d\u1ef1ng k\u1ebft n\u1ed1i ch\u00e2n th\u1ef1c v\u00e0 th\u00fac \u0111\u1ea9y t\u0103ng tr\u01b0\u1edfng.\" \/>\n<meta property=\"og:url\" content=\"http:\/\/54.255.1.206\/vi-vn\/expertise\/social-media-management\/\" \/>\n<meta property=\"og:site_name\" content=\"KKBC Vi\u1ec7t Nam\" \/>\n<meta property=\"article:publisher\" content=\"https:\/\/www.facebook.com\/kkbc.co\" \/>\n<meta property=\"article:modified_time\" content=\"2025-05-13T07:45:32+00:00\" \/>\n<meta name=\"twitter:card\" content=\"summary_large_image\" \/>\n<meta name=\"twitter:site\" content=\"@kkbc_co\" \/>\n<meta name=\"twitter:label1\" content=\"Est. reading time\" \/>\n\t<meta name=\"twitter:data1\" content=\"1 minute\" \/>\n<script type=\"application\/ld+json\" class=\"yoast-schema-graph\">{\"@context\":\"https:\/\/schema.org\",\"@graph\":[{\"@type\":\"WebPage\",\"@id\":\"http:\/\/54.255.1.206\/vi-vn\/expertise\/social-media-management\/\",\"url\":\"http:\/\/54.255.1.206\/vi-vn\/expertise\/social-media-management\/\",\"name\":\"Qu\u1ea3n l\u00fd M\u1ea1ng x\u00e3 h\u1ed9i T\u1ef1 nhi\u00ean To\u00e0n di\u1ec7n | KKBC\",\"isPartOf\":{\"@id\":\"https:\/\/kkbc.com.vn\/en\/#website\"},\"datePublished\":\"2024-10-09T05:57:07+00:00\",\"dateModified\":\"2025-05-13T07:45:32+00:00\",\"description\":\"KKBC cung c\u1ea5p qu\u1ea3n l\u00fd m\u1ea1ng x\u00e3 h\u1ed9i t\u1ef1 nhi\u00ean chuy\u00ean nghi\u1ec7p, gi\u00fap th\u01b0\u01a1ng hi\u1ec7u B2B x\u00e2y d\u1ef1ng k\u1ebft n\u1ed1i ch\u00e2n th\u1ef1c v\u00e0 th\u00fac \u0111\u1ea9y t\u0103ng tr\u01b0\u1edfng.\",\"breadcrumb\":{\"@id\":\"http:\/\/54.255.1.206\/vi-vn\/expertise\/social-media-management\/#breadcrumb\"},\"inLanguage\":\"vi-VN2\",\"potentialAction\":[{\"@type\":\"ReadAction\",\"target\":[\"http:\/\/54.255.1.206\/vi-vn\/expertise\/social-media-management\/\"]}]},{\"@type\":\"BreadcrumbList\",\"@id\":\"http:\/\/54.255.1.206\/vi-vn\/expertise\/social-media-management\/#breadcrumb\",\"itemListElement\":[{\"@type\":\"ListItem\",\"position\":1,\"name\":\"Home\",\"item\":\"https:\/\/kkbc.com.vn\/vi-vn\/\"},{\"@type\":\"ListItem\",\"position\":2,\"name\":\"Chuy\u00ean m\u00f4n\",\"item\":\"https:\/\/kkbc.com.vn\/vi-vn\/expertise\/\"},{\"@type\":\"ListItem\",\"position\":3,\"name\":\"Qu\u1ea3n l\u00fd ph\u01b0\u01a1ng ti\u1ec7n truy\u1ec1n th\u00f4ng x\u00e3 h\u1ed9i\"}]},{\"@type\":\"WebSite\",\"@id\":\"https:\/\/kkbc.com.vn\/en\/#website\",\"url\":\"https:\/\/kkbc.com.vn\/en\/\",\"name\":\"KKBC\",\"description\":\"\",\"potentialAction\":[{\"@type\":\"SearchAction\",\"target\":{\"@type\":\"EntryPoint\",\"urlTemplate\":\"https:\/\/kkbc.com.vn\/en\/?s={search_term_string}\"},\"query-input\":{\"@type\":\"PropertyValueSpecification\",\"valueRequired\":true,\"valueName\":\"search_term_string\"}}],\"inLanguage\":\"vi-VN2\"}]}<\/script>\n<!-- \/ Yoast SEO plugin. -->","yoast_head_json":{"title":"Qu\u1ea3n l\u00fd M\u1ea1ng x\u00e3 h\u1ed9i T\u1ef1 nhi\u00ean To\u00e0n di\u1ec7n | KKBC","description":"KKBC cung c\u1ea5p qu\u1ea3n l\u00fd m\u1ea1ng x\u00e3 h\u1ed9i t\u1ef1 nhi\u00ean chuy\u00ean nghi\u1ec7p, gi\u00fap th\u01b0\u01a1ng hi\u1ec7u B2B x\u00e2y d\u1ef1ng k\u1ebft n\u1ed1i ch\u00e2n th\u1ef1c v\u00e0 th\u00fac \u0111\u1ea9y t\u0103ng tr\u01b0\u1edfng.","robots":{"index":"index","follow":"follow","max-snippet":"max-snippet:-1","max-image-preview":"max-image-preview:large","max-video-preview":"max-video-preview:-1"},"canonical":"http:\/\/54.255.1.206\/vi-vn\/expertise\/social-media-management\/","og_locale":"en_US","og_type":"article","og_title":"Qu\u1ea3n l\u00fd M\u1ea1ng x\u00e3 h\u1ed9i T\u1ef1 nhi\u00ean To\u00e0n di\u1ec7n | KKBC","og_description":"KKBC cung c\u1ea5p qu\u1ea3n l\u00fd m\u1ea1ng x\u00e3 h\u1ed9i t\u1ef1 nhi\u00ean chuy\u00ean nghi\u1ec7p, gi\u00fap th\u01b0\u01a1ng hi\u1ec7u B2B x\u00e2y d\u1ef1ng k\u1ebft n\u1ed1i ch\u00e2n th\u1ef1c v\u00e0 th\u00fac \u0111\u1ea9y t\u0103ng tr\u01b0\u1edfng.","og_url":"http:\/\/54.255.1.206\/vi-vn\/expertise\/social-media-management\/","og_site_name":"KKBC Vi\u1ec7t Nam","article_publisher":"https:\/\/www.facebook.com\/kkbc.co","article_modified_time":"2025-05-13T07:45:32+00:00","twitter_card":"summary_large_image","twitter_site":"@kkbc_co","twitter_misc":{"Est. reading time":"1 minute"},"schema":{"@context":"https:\/\/schema.org","@graph":[{"@type":"WebPage","@id":"http:\/\/54.255.1.206\/vi-vn\/expertise\/social-media-management\/","url":"http:\/\/54.255.1.206\/vi-vn\/expertise\/social-media-management\/","name":"Qu\u1ea3n l\u00fd M\u1ea1ng x\u00e3 h\u1ed9i T\u1ef1 nhi\u00ean To\u00e0n di\u1ec7n | KKBC","isPartOf":{"@id":"https:\/\/kkbc.com.vn\/en\/#website"},"datePublished":"2024-10-09T05:57:07+00:00","dateModified":"2025-05-13T07:45:32+00:00","description":"KKBC cung c\u1ea5p qu\u1ea3n l\u00fd m\u1ea1ng x\u00e3 h\u1ed9i t\u1ef1 nhi\u00ean chuy\u00ean nghi\u1ec7p, gi\u00fap th\u01b0\u01a1ng hi\u1ec7u B2B x\u00e2y d\u1ef1ng k\u1ebft n\u1ed1i ch\u00e2n th\u1ef1c v\u00e0 th\u00fac \u0111\u1ea9y t\u0103ng tr\u01b0\u1edfng.","breadcrumb":{"@id":"http:\/\/54.255.1.206\/vi-vn\/expertise\/social-media-management\/#breadcrumb"},"inLanguage":"vi-VN2","potentialAction":[{"@type":"ReadAction","target":["http:\/\/54.255.1.206\/vi-vn\/expertise\/social-media-management\/"]}]},{"@type":"BreadcrumbList","@id":"http:\/\/54.255.1.206\/vi-vn\/expertise\/social-media-management\/#breadcrumb","itemListElement":[{"@type":"ListItem","position":1,"name":"Home","item":"https:\/\/kkbc.com.vn\/vi-vn\/"},{"@type":"ListItem","position":2,"name":"Chuy\u00ean m\u00f4n","item":"https:\/\/kkbc.com.vn\/vi-vn\/expertise\/"},{"@type":"ListItem","position":3,"name":"Qu\u1ea3n l\u00fd ph\u01b0\u01a1ng ti\u1ec7n truy\u1ec1n th\u00f4ng x\u00e3 h\u1ed9i"}]},{"@type":"WebSite","@id":"https:\/\/kkbc.com.vn\/en\/#website","url":"https:\/\/kkbc.com.vn\/en\/","name":"KKBC","description":"","potentialAction":[{"@type":"SearchAction","target":{"@type":"EntryPoint","urlTemplate":"https:\/\/kkbc.com.vn\/en\/?s={search_term_string}"},"query-input":{"@type":"PropertyValueSpecification","valueRequired":true,"valueName":"search_term_string"}}],"inLanguage":"vi-VN2"}]}},"_links":{"self":[{"href":"http:\/\/54.255.1.206\/vi-vn\/wp-json\/wp\/v2\/pages\/4847","targetHints":{"allow":["GET"]}}],"collection":[{"href":"http:\/\/54.255.1.206\/vi-vn\/wp-json\/wp\/v2\/pages"}],"about":[{"href":"http:\/\/54.255.1.206\/vi-vn\/wp-json\/wp\/v2\/types\/page"}],"author":[{"embeddable":true,"href":"http:\/\/54.255.1.206\/vi-vn\/wp-json\/wp\/v2\/users\/1"}],"replies":[{"embeddable":true,"href":"http:\/\/54.255.1.206\/vi-vn\/wp-json\/wp\/v2\/comments?post=4847"}],"version-history":[{"count":6,"href":"http:\/\/54.255.1.206\/vi-vn\/wp-json\/wp\/v2\/pages\/4847\/revisions"}],"predecessor-version":[{"id":6775,"href":"http:\/\/54.255.1.206\/vi-vn\/wp-json\/wp\/v2\/pages\/4847\/revisions\/6775"}],"up":[{"embeddable":true,"href":"http:\/\/54.255.1.206\/vi-vn\/wp-json\/wp\/v2\/pages\/4813"}],"wp:attachment":[{"href":"http:\/\/54.255.1.206\/vi-vn\/wp-json\/wp\/v2\/media?parent=4847"}],"curies":[{"name":"wp","href":"https:\/\/api.w.org\/{rel}","templated":true}]}}